{"id":222,"date":"2023-11-06T13:52:07","date_gmt":"2023-11-06T13:52:07","guid":{"rendered":"https:\/\/ashley-demo.bslthemes.com\/?page_id=222"},"modified":"2026-03-26T01:09:13","modified_gmt":"2026-03-26T00:09:13","slug":"contact","status":"publish","type":"page","link":"https:\/\/graczakdesign.pl\/index.php\/contact\/","title":{"rendered":"Kontakt"},"content":{"rendered":"\t\t<div data-elementor-type=\"wp-page\" data-elementor-id=\"222\" class=\"elementor elementor-222\" data-elementor-settings=\"{&quot;ha_cmc_init_switcher&quot;:&quot;no&quot;}\">\n\t\t\t\t<section class=\"elementor-element elementor-element-77a8313 e-con-full e-flex wpr-particle-no wpr-jarallax-no wpr-parallax-no wpr-sticky-section-no wpr-equal-height-no e-con e-parent\" data-id=\"77a8313\" data-element_type=\"container\" data-e-type=\"container\" data-settings=\"{&quot;_ha_eqh_enable&quot;:false}\">\n\t\t\t\t<div class=\"elementor-element elementor-element-295bbcbf exad-sticky-section-no exad-glass-effect-no elementor-widget elementor-widget-ashley-intro\" data-id=\"295bbcbf\" data-element_type=\"widget\" data-e-type=\"widget\" data-widget_type=\"ashley-intro.default\">\n\t\t\t\t<div class=\"elementor-widget-container\">\n\t\t\t\t\t\n\t\t<!-- banner -->\n\t\t\n\t\t<div class=\"mil-inner-banner\">\n\t\t\t\t\t\t<div class=\"mil-banner-content mil-center mil-up\">\n\t\t\t\t\t\t\t\t<div class=\"mil-animation-frame\">\n\t\t\t\t\t<div class=\"mil-animation mil-position-4 mil-dark mil-scale\" data-value-1=\"6\" data-value-2=\"1.4\"><\/div>\n\t\t\t\t<\/div>\n\t\t\t\t\t\t\t\t\n\t\t\t\t<div class=\"container\">\n\t\t\t\t\t<ul class=\"mil-breadcrumbs mil-center mil-mb-60\"><li><a href=\"https:\/\/graczakdesign.pl\/\" title=\"Graczak Design\">Home<\/a><\/li><li><a><\/a><\/li><\/ul>\t\t\t\t\t\t\t\t\t\t<h1 class=\"el-title mil-mb-60\">\n\t\t\t\t\t\t<span >\n\t\t\t\t\t\t\tPorozmawiajmy\t\t\t\t\t\t<\/span>\n\t\t\t\t\t<\/h1>\n\t\t\t\t\t\t\t\t\t\t\t\t\t\t\t<a href=\"#contact\" class=\"mil-link mil-dark mil-arrow-place mil-down-arrow\">\n\t\t\t\t\t\t<span >\n\t\t\t\t\t\t\tWy\u015blij wiadomo\u015b\u0107\t\t\t\t\t\t<\/span>\n\t\t\t\t\t<\/a>\n\t\t\t\t\t\t\t\t\t<\/div>\n\t\t\t<\/div>\n\t\t\t\t\t<\/div>\n\n\t\t\t\t<!-- banner end -->\n\n\t\t\t\t\t\t<\/div>\n\t\t\t\t<\/div>\n\t\t\t\t<\/section>\n\t\t<section class=\"elementor-element elementor-element-7a2d930 e-con-full e-flex wpr-particle-no wpr-jarallax-no wpr-parallax-no wpr-sticky-section-no wpr-equal-height-no e-con e-parent\" data-id=\"7a2d930\" data-element_type=\"container\" data-e-type=\"container\" data-settings=\"{&quot;_ha_eqh_enable&quot;:false}\">\n\t\t\t\t<div class=\"elementor-element elementor-element-5c0d1099 exad-sticky-section-no exad-glass-effect-no elementor-widget elementor-widget-google_maps\" data-id=\"5c0d1099\" data-element_type=\"widget\" data-e-type=\"widget\" data-widget_type=\"google_maps.default\">\n\t\t\t\t\t\t\t<div class=\"elementor-custom-embed\">\n\t\t\t<iframe loading=\"lazy\"\n\t\t\t\t\tsrc=\"https:\/\/maps.google.com\/maps?q=warszawa%20dorycka%205&#038;t=m&#038;z=16&#038;output=embed&#038;iwloc=near\"\n\t\t\t\t\ttitle=\"warszawa dorycka 5\"\n\t\t\t\t\taria-label=\"warszawa dorycka 5\"\n\t\t\t><\/iframe>\n\t\t<\/div>\n\t\t\t\t\t\t<\/div>\n\t\t\t\t<\/section>\n\t\t<div class=\"elementor-element elementor-element-301fc6e4 e-flex e-con-boxed wpr-particle-no wpr-jarallax-no wpr-parallax-no wpr-sticky-section-no wpr-equal-height-no e-con e-parent\" data-id=\"301fc6e4\" data-element_type=\"container\" data-e-type=\"container\" id=\"contact\" data-settings=\"{&quot;_ha_eqh_enable&quot;:false}\">\n\t\t\t\t\t<div class=\"e-con-inner\">\n\t\t<div class=\"elementor-element elementor-element-220e0c78 e-con-full e-flex wpr-particle-no wpr-jarallax-no wpr-parallax-no wpr-sticky-section-no wpr-equal-height-no e-con e-child\" data-id=\"220e0c78\" data-element_type=\"container\" data-e-type=\"container\" data-settings=\"{&quot;_ha_eqh_enable&quot;:false}\">\n\t\t\t\t<div class=\"elementor-element elementor-element-60a38a07 exad-sticky-section-no exad-glass-effect-no elementor-widget elementor-widget-ashley-about-us\" data-id=\"60a38a07\" data-element_type=\"widget\" data-e-type=\"widget\" data-widget_type=\"ashley-about-us.default\">\n\t\t\t\t<div class=\"elementor-widget-container\">\n\t\t\t\t\t\n\t\t\n\t\t\t\t<h3 class=\"mil-h3 mil-title-el mil-up mil-mb-30\">\n\t\t\t<span >\n\t\t\t\tPorozmawiajmy\t\t\t<\/span>\n\t\t<\/h3>\n\t\t\n\t\t\t\t\t\t<\/div>\n\t\t\t\t<\/div>\n\t\t\t\t<div class=\"elementor-element elementor-element-16ffa99 exad-sticky-section-no exad-glass-effect-no elementor-widget elementor-widget-ashley-cf7-form\" data-id=\"16ffa99\" data-element_type=\"widget\" data-e-type=\"widget\" data-widget_type=\"ashley-cf7-form.default\">\n\t\t\t\t<div class=\"elementor-widget-container\">\n\t\t\t\t\t\n\t\t\n<div class=\"wpcf7 no-js\" id=\"wpcf7-f546-o1\" lang=\"en-US\" dir=\"ltr\" data-wpcf7-id=\"546\">\n<div class=\"screen-reader-response\"><p role=\"status\" aria-live=\"polite\" aria-atomic=\"true\"><\/p> <ul><\/ul><\/div>\n<form action=\"\/index.php\/wp-json\/wp\/v2\/pages\/222#wpcf7-f546-o1\" method=\"post\" class=\"wpcf7-form init\" aria-label=\"Contact form\" novalidate=\"novalidate\" data-status=\"init\">\n<fieldset class=\"hidden-fields-container\"><input type=\"hidden\" name=\"_wpcf7\" value=\"546\" \/><input type=\"hidden\" name=\"_wpcf7_version\" value=\"6.1.5\" \/><input type=\"hidden\" name=\"_wpcf7_locale\" value=\"en_US\" \/><input type=\"hidden\" name=\"_wpcf7_unit_tag\" value=\"wpcf7-f546-o1\" \/><input type=\"hidden\" name=\"_wpcf7_container_post\" value=\"0\" \/><input type=\"hidden\" name=\"_wpcf7_posted_data_hash\" value=\"\" \/>\n<\/fieldset>\n<div class=\"row align-items-center\">\n                            <div class=\"col-lg-6 mil-up\">\n<span class=\"wpcf7-form-control-wrap\" data-name=\"cf_name\"><input size=\"40\" maxlength=\"400\" class=\"wpcf7-form-control wpcf7-text wpcf7-validates-as-required\" aria-required=\"true\" aria-invalid=\"false\" placeholder=\"What&#039;s your name\" value=\"\" type=\"text\" name=\"cf_name\" \/><\/span>\n                            <\/div>\n                            <div class=\"col-lg-6 mil-up\">\n<span class=\"wpcf7-form-control-wrap\" data-name=\"cf_email\"><input size=\"40\" maxlength=\"400\" class=\"wpcf7-form-control wpcf7-email wpcf7-validates-as-required wpcf7-text wpcf7-validates-as-email\" aria-required=\"true\" aria-invalid=\"false\" placeholder=\"Your Email\" value=\"\" type=\"email\" name=\"cf_email\" \/><\/span>\n                            <\/div>\n                            <div class=\"col-lg-12 mil-up\">\n<span class=\"wpcf7-form-control-wrap\" data-name=\"cf_message\"><textarea cols=\"40\" rows=\"10\" maxlength=\"2000\" class=\"wpcf7-form-control wpcf7-textarea wpcf7-validates-as-required\" aria-required=\"true\" aria-invalid=\"false\" placeholder=\"Tell us about our project\" name=\"cf_message\"><\/textarea><\/span>\n                            <\/div>\n                            <div class=\"col-lg-8\">\n                                <p class=\"mil-up mil-mb-30\"><span class=\"mil-accent\">*<\/span> We promise not to disclose your personal information to third parties.<\/p>\n                            <\/div>\n                            <div class=\"col-lg-4\">\n                                <div class=\"mil-adaptive-right mil-up mil-mb-30\">\n                                    <button type=\"submit\" class=\"mil-button mil-arrow-place\">\n                                        <span>Send message<\/span>\n                                    <\/button>\n                                <\/div>\n                            <\/div>\n                        <\/div><div class=\"wpcf7-response-output\" aria-hidden=\"true\"><\/div>\n<\/form>\n<\/div>\n\n\t\t\t\t\t\t<\/div>\n\t\t\t\t<\/div>\n\t\t\t\t<\/div>\n\t\t\t\t\t<\/div>\n\t\t\t\t<\/div>\n\t\t\t\t<\/div>\n\t\t","protected":false},"excerpt":{"rendered":"<p>Home Porozmawiajmy Wy\u015blij wiadomo\u015b\u0107 Porozmawiajmy * We promise not to disclose your personal information to third parties. Send message &#916;<\/p>\n","protected":false},"author":1,"featured_media":0,"parent":0,"menu_order":0,"comment_status":"closed","ping_status":"closed","template":"","meta":{"_acf_changed":false,"_eb_attr":"","inline_featured_image":false,"footnotes":""},"class_list":["post-222","page","type-page","status-publish","hentry"],"acf":[],"aioseo_notices":[],"jetpack_sharing_enabled":true,"_links":{"self":[{"href":"https:\/\/graczakdesign.pl\/index.php\/wp-json\/wp\/v2\/pages\/222","targetHints":{"allow":["GET"]}}],"collection":[{"href":"https:\/\/graczakdesign.pl\/index.php\/wp-json\/wp\/v2\/pages"}],"about":[{"href":"https:\/\/graczakdesign.pl\/index.php\/wp-json\/wp\/v2\/types\/page"}],"author":[{"embeddable":true,"href":"https:\/\/graczakdesign.pl\/index.php\/wp-json\/wp\/v2\/users\/1"}],"replies":[{"embeddable":true,"href":"https:\/\/graczakdesign.pl\/index.php\/wp-json\/wp\/v2\/comments?post=222"}],"version-history":[{"count":4,"href":"https:\/\/graczakdesign.pl\/index.php\/wp-json\/wp\/v2\/pages\/222\/revisions"}],"predecessor-version":[{"id":2703,"href":"https:\/\/graczakdesign.pl\/index.php\/wp-json\/wp\/v2\/pages\/222\/revisions\/2703"}],"wp:attachment":[{"href":"https:\/\/graczakdesign.pl\/index.php\/wp-json\/wp\/v2\/media?parent=222"}],"curies":[{"name":"wp","href":"https:\/\/api.w.org\/{rel}","templated":true}]}}