{"id":218,"date":"2023-11-06T13:51:28","date_gmt":"2023-11-06T13:51:28","guid":{"rendered":"https:\/\/ashley-demo.bslthemes.com\/?page_id=218"},"modified":"2026-03-23T02:42:20","modified_gmt":"2026-03-23T01:42:20","slug":"blog","status":"publish","type":"page","link":"https:\/\/graczakdesign.pl\/index.php\/blog\/","title":{"rendered":"Blog"},"content":{"rendered":"\t\t<div data-elementor-type=\"wp-page\" data-elementor-id=\"218\" class=\"elementor elementor-218\" data-elementor-settings=\"{&quot;ha_cmc_init_switcher&quot;:&quot;no&quot;}\">\n\t\t\t\t<section class=\"elementor-element elementor-element-dc47370 e-flex e-con-boxed wpr-particle-no wpr-jarallax-no wpr-parallax-no wpr-sticky-section-no wpr-equal-height-no e-con e-parent\" data-id=\"dc47370\" data-element_type=\"container\" data-e-type=\"container\" id=\"blog\" data-settings=\"{&quot;background_background&quot;:&quot;classic&quot;,&quot;_ha_eqh_enable&quot;:false}\">\n\t\t\t\t\t<div class=\"e-con-inner\">\n\t\t<div class=\"elementor-element elementor-element-5f9193d e-con-full e-flex wpr-particle-no wpr-jarallax-no wpr-parallax-no wpr-sticky-section-no wpr-equal-height-no e-con e-child\" data-id=\"5f9193d\" data-element_type=\"container\" data-e-type=\"container\" data-settings=\"{&quot;_ha_eqh_enable&quot;:false}\">\n\t\t\t\t<div class=\"elementor-element elementor-element-2bcd161 exad-sticky-section-no exad-glass-effect-no elementor-widget elementor-widget-ashley-blog-grid\" data-id=\"2bcd161\" data-element_type=\"widget\" data-e-type=\"widget\" data-widget_type=\"ashley-blog-grid.default\">\n\t\t\t\t<div class=\"elementor-widget-container\">\n\t\t\t\t\t\n\t\t\n\t\t<div class=\"row \">\n\t\t\t\n\n<div class=\"col-lg-6\">\n\t<div id=\"post-178\" class=\"post-178 post type-post status-publish format-standard has-post-thumbnail hentry category-bez-kategorii tag-marketing\">\n\t\t<!-- blog card -->\n\t\t\t\t<a href=\"https:\/\/graczakdesign.pl\/index.php\/2023\/11\/01\/5-steps-to-create-an-outstanding-marketing-plan\/\" class=\"mil-blog-card mil-mb-60\">\n\t\t\t\t\t\t\t\t\t\t\t<div class=\"mil-cover-frame mil-up\">\n\t\t\t\t<img decoding=\"async\" src=\"https:\/\/graczakdesign.pl\/wp-content\/uploads\/2023\/11\/ChatGPT-Image-24-mar-2026-00_22_53-950x633.png\" alt=\"Framer vs WordPress: Co wybra\u0107 w 2026?\" \/>\n\t\t\t<\/div>\n\t\t\t\t\t\t\t\t\t<div class=\"mil-post-descr\">\n\t\t\t\t<div class=\"mil-description\">\n\t\t\t\t\t<div class=\"mil-labels mil-up mil-mb-30\">\n\t\t\t\t\t\t\t\t\t\t\t\t<span class=\"mil-label mil-upper mil-accent\">\n\t\t\t\t\t\t\tBez kategorii\t\t\t\t\t\t<\/span>\n\t\t\t\t\t\t\t\t\t\t\t\t\t\t\t\t\t\t\t<span class=\"mil-label mil-upper\">\n\t\t\t\t\t\t\t\t\t\t\t\t\t2023-11-01\t\t\t\t\t\t\t\t\t\t\t\t<\/span>\n\t\t\t\t\t\t\t\t\t\t\t<\/div>\n\t\t\t\t\t\t\t\t\t\t<h4 class=\"mil-up mil-mb-30\">\n\t\t\t\t\t\t\t\t\t\t\t\tFramer vs WordPress: Co wybra\u0107 w 2026?\t\t\t\t\t\t\t\t\t\t\t<\/h4>\n\t\t\t\t\t\t\t\t\t\t<div class=\"mil-post-text mil-up\">\n\t\t\t\t\t\t<p>Wyb\u00f3r mi\u0119dzy Framerem a WordPressem w 2026 roku przesta\u0142 by\u0107 prostym sporem o technologi\u0119, a sta\u0142 si\u0119 strategiczn\u0105 decyzj\u0105 biznesow\u0105&#8230; <span class=\"mil-el-more\"><span class=\"mil-link mil-dark mil-arrow-place mil-up\"><span>Read more<\/span><\/span><\/span><\/p>\n\t\t\t\t\t<\/div>\n\t\t\t\t<\/div>\n\t\t\t<\/div>\n\t\t\t\t<\/a>\n\t\t\t\t<!-- blog card end -->\n\t<\/div>\n<\/div>\n\n<div class=\"col-lg-6\">\n\t<div id=\"post-2461\" class=\"post-2461 post type-post status-publish format-standard has-post-thumbnail hentry category-bez-kategorii\">\n\t\t<!-- blog card -->\n\t\t\t\t<a href=\"https:\/\/graczakdesign.pl\/index.php\/2026\/03\/24\/przewodnik-po-bezpieczenstwie-odkryj-fundamenty-ochrony\/\" class=\"mil-blog-card mil-mb-60\">\n\t\t\t\t\t\t\t\t\t\t\t<div class=\"mil-cover-frame mil-up\">\n\t\t\t\t<img decoding=\"async\" src=\"https:\/\/graczakdesign.pl\/wp-content\/uploads\/2026\/03\/cyber-security-protection-firewall-interface-concept-950x634.jpg\" alt=\"Przewodnik bezpiecze\u0144stwa &#8211; Odkryj fundamenty ochrony\" \/>\n\t\t\t<\/div>\n\t\t\t\t\t\t\t\t\t<div class=\"mil-post-descr\">\n\t\t\t\t<div class=\"mil-description\">\n\t\t\t\t\t<div class=\"mil-labels mil-up mil-mb-30\">\n\t\t\t\t\t\t\t\t\t\t\t\t<span class=\"mil-label mil-upper mil-accent\">\n\t\t\t\t\t\t\tBez kategorii\t\t\t\t\t\t<\/span>\n\t\t\t\t\t\t\t\t\t\t\t\t\t\t\t\t\t\t\t<span class=\"mil-label mil-upper\">\n\t\t\t\t\t\t\t\t\t\t\t\t\t2026-03-24\t\t\t\t\t\t\t\t\t\t\t\t<\/span>\n\t\t\t\t\t\t\t\t\t\t\t<\/div>\n\t\t\t\t\t\t\t\t\t\t<h4 class=\"mil-up mil-mb-30\">\n\t\t\t\t\t\t\t\t\t\t\t\tPrzewodnik bezpiecze\u0144stwa &#8211; Odkryj fundamenty ochrony\t\t\t\t\t\t\t\t\t\t\t<\/h4>\n\t\t\t\t\t\t\t\t\t\t<div class=\"mil-post-text mil-up\">\n\t\t\t\t\t\t<p>Bezpiecze\u0144stwo stron internetowych w 2026 roku to znacznie wi\u0119cej ni\u017c prosty certyfikat SSL. W dobie zaawansowanych atak\u00f3w bot\u00f3w, ochrona Twoich.. <span class=\"mil-el-more\"><span class=\"mil-link mil-dark mil-arrow-place mil-up\"><span>Read more<\/span><\/span><\/span><\/p>\n\t\t\t\t\t<\/div>\n\t\t\t\t<\/div>\n\t\t\t<\/div>\n\t\t\t\t<\/a>\n\t\t\t\t<!-- blog card end -->\n\t<\/div>\n<\/div>\n\t\t\t\t\t\t<div class=\"mil-pagination mil-p-90-0\">\n\t\t\t\t<span aria-label=\"Strona 1\" aria-current=\"page\" class=\"page-numbers current\">1<\/span>\n<a aria-label=\"Strona 2\" class=\"page-numbers\" href=\"https:\/\/graczakdesign.pl\/index.php\/wp-json\/wp\/v2\/pages\/218\/page\/2\/\">2<\/a>\n<a class=\"next page-numbers\" href=\"https:\/\/graczakdesign.pl\/index.php\/wp-json\/wp\/v2\/pages\/218\/page\/2\/\">&raquo;<\/a>\t\t\t<\/div>\n\t\t\t\n\t\t\t\n\t\t\t\t\t\t\n\t\t<\/div>\n\n\t\t\t\t\t\t<\/div>\n\t\t\t\t<\/div>\n\t\t\t\t<\/div>\n\t\t\t\t\t<\/div>\n\t\t\t\t<\/section>\n\t\t<section class=\"elementor-element elementor-element-2107c43 e-flex e-con-boxed wpr-particle-no wpr-jarallax-no wpr-parallax-no wpr-sticky-section-no wpr-equal-height-no e-con e-parent\" data-id=\"2107c43\" data-element_type=\"container\" data-e-type=\"container\" id=\"blog-all\" data-settings=\"{&quot;_ha_eqh_enable&quot;:false}\">\n\t\t\t\t\t<div class=\"e-con-inner\">\n\t\t<div class=\"elementor-element elementor-element-665224a e-con-full e-flex wpr-particle-no wpr-jarallax-no wpr-parallax-no wpr-sticky-section-no wpr-equal-height-no e-con e-child\" data-id=\"665224a\" data-element_type=\"container\" data-e-type=\"container\" data-settings=\"{&quot;_ha_eqh_enable&quot;:false}\">\n\t\t<div class=\"elementor-element elementor-element-33ea508 e-con-full e-flex wpr-particle-no wpr-jarallax-no wpr-parallax-no wpr-sticky-section-no wpr-equal-height-no e-con e-child\" data-id=\"33ea508\" data-element_type=\"container\" data-e-type=\"container\" data-settings=\"{&quot;_ha_eqh_enable&quot;:false}\">\n\t\t\t\t<div class=\"elementor-element elementor-element-07a75ea exad-sticky-section-no exad-glass-effect-no elementor-widget elementor-widget-ashley-about-us\" data-id=\"07a75ea\" data-element_type=\"widget\" data-e-type=\"widget\" data-widget_type=\"ashley-about-us.default\">\n\t\t\t\t<div class=\"elementor-widget-container\">\n\t\t\t\t\t\n\t\t\n\t\t\t\t<h3 class=\"mil-h3 mil-title-el mil-up mil-mb-30\">\n\t\t\t<span >\n\t\t\t\tCategories:\t\t\t<\/span>\n\t\t<\/h3>\n\t\t\n\t\t\t\t\t\t<\/div>\n\t\t\t\t<\/div>\n\t\t\t\t<\/div>\n\t\t<div class=\"elementor-element elementor-element-586656d e-con-full e-flex wpr-particle-no wpr-jarallax-no wpr-parallax-no wpr-sticky-section-no wpr-equal-height-no e-con e-child\" data-id=\"586656d\" data-element_type=\"container\" data-e-type=\"container\" data-settings=\"{&quot;_ha_eqh_enable&quot;:false}\">\n\t\t\t\t<div class=\"elementor-element elementor-element-ea154d6 exad-sticky-section-no exad-glass-effect-no elementor-widget elementor-widget-ashley-blog-categories\" data-id=\"ea154d6\" data-element_type=\"widget\" data-e-type=\"widget\" data-widget_type=\"ashley-blog-categories.default\">\n\t\t\t\t<div class=\"elementor-widget-container\">\n\t\t\t\t\t\t\t\n\t\t<div class=\"mil-adaptive-right mil-up\">\n\t\t\t<ul class=\"mil-category-list\">\n\t\t\t\t\t\t\t\t\t\t\t\t<li><a href=\"https:\/\/graczakdesign.pl\/index.php\/category\/bez-kategorii\/\">Bez kategorii<\/a><\/li>\n\t\t\t\t\t\t\t\t\t\t\t\t\t\t\t\t<li>\n\t\t\t\t\t<a href=\"\/blog\" class=\"mil-active\">\n\t\t\t\t\t\t<span >\n\t\t\t\t\t\t\tAll Categories\t\t\t\t\t\t<\/span>\n\t\t\t\t\t<\/a>\n\t\t\t\t<\/li>\n\t\t\t\t\t\t\t<\/ul>\n\t\t<\/div>\n\n\t\t\t\t\t\t<\/div>\n\t\t\t\t<\/div>\n\t\t\t\t<\/div>\n\t\t\t\t<\/div>\n\t\t<div class=\"elementor-element elementor-element-9866da7 e-con-full e-flex wpr-particle-no wpr-jarallax-no wpr-parallax-no wpr-sticky-section-no wpr-equal-height-no e-con e-child\" data-id=\"9866da7\" data-element_type=\"container\" data-e-type=\"container\" data-settings=\"{&quot;_ha_eqh_enable&quot;:false}\">\n\t\t\t\t<div class=\"elementor-element elementor-element-c104c61 exad-sticky-section-no exad-glass-effect-no elementor-widget elementor-widget-ashley-blog-grid\" data-id=\"c104c61\" data-element_type=\"widget\" data-e-type=\"widget\" data-widget_type=\"ashley-blog-grid.default\">\n\t\t\t\t<div class=\"elementor-widget-container\">\n\t\t\t\t\t\n\t\t\n\t\t<div class=\"row \">\n\t\t\t\n\n<div class=\"col-lg-12\">\n\t<div id=\"post-2461\" class=\"post-2461 post type-post status-publish format-standard has-post-thumbnail hentry category-bez-kategorii\">\n\t\t<!-- blog card -->\n\t\t\t\t<a href=\"https:\/\/graczakdesign.pl\/index.php\/2026\/03\/24\/przewodnik-po-bezpieczenstwie-odkryj-fundamenty-ochrony\/\" class=\"mil-blog-card mil-blog-card-hori mil-more mil-mb-60\">\n\t\t\t\t\t\t\t\t\t\t\t<div class=\"mil-cover-frame mil-up\">\n\t\t\t\t<img decoding=\"async\" src=\"https:\/\/graczakdesign.pl\/wp-content\/uploads\/2026\/03\/cyber-security-protection-firewall-interface-concept-1920x1281.jpg\" alt=\"Przewodnik bezpiecze\u0144stwa &#8211; Odkryj fundamenty ochrony\" \/>\n\t\t\t<\/div>\n\t\t\t\t\t\t\t\t\t<div class=\"mil-post-descr\">\n\t\t\t\t<div class=\"mil-description\">\n\t\t\t\t\t<div class=\"mil-labels mil-up mil-mb-30\">\n\t\t\t\t\t\t\t\t\t\t\t\t<span class=\"mil-label mil-upper mil-accent\">\n\t\t\t\t\t\t\tBez kategorii\t\t\t\t\t\t<\/span>\n\t\t\t\t\t\t\t\t\t\t\t\t\t\t\t\t\t\t\t<span class=\"mil-label mil-upper\">\n\t\t\t\t\t\t\t\t\t\t\t\t\t2026-03-24\t\t\t\t\t\t\t\t\t\t\t\t<\/span>\n\t\t\t\t\t\t\t\t\t\t\t<\/div>\n\t\t\t\t\t\t\t\t\t\t<h4 class=\"mil-up mil-mb-30\">\n\t\t\t\t\t\t\t\t\t\t\t\tPrzewodnik bezpiecze\u0144stwa &#8211; Odkryj fundamenty ochrony\t\t\t\t\t\t\t\t\t\t\t<\/h4>\n\t\t\t\t\t\t\t\t\t\t<div class=\"mil-post-text mil-up\">\n\t\t\t\t\t\t<p>Bezpiecze\u0144stwo stron internetowych w 2026 roku to znacznie wi\u0119cej ni\u017c prosty certyfikat SSL. W dobie zaawansowanych atak\u00f3w bot\u00f3w, ochrona Twoich.. <span class=\"mil-el-more\"><span class=\"mil-link mil-dark mil-arrow-place mil-up\"><span>Read more<\/span><\/span><\/span><\/p>\n\t\t\t\t\t<\/div>\n\t\t\t\t<\/div>\n\t\t\t<\/div>\n\t\t\t\t<\/a>\n\t\t\t\t<!-- blog card end -->\n\t<\/div>\n<\/div>\n\n<div class=\"col-lg-12\">\n\t<div id=\"post-178\" class=\"post-178 post type-post status-publish format-standard has-post-thumbnail hentry category-bez-kategorii tag-marketing\">\n\t\t<!-- blog card -->\n\t\t\t\t<a href=\"https:\/\/graczakdesign.pl\/index.php\/2023\/11\/01\/5-steps-to-create-an-outstanding-marketing-plan\/\" class=\"mil-blog-card mil-blog-card-hori mil-more mil-mb-60\">\n\t\t\t\t\t\t\t\t\t\t\t<div class=\"mil-cover-frame mil-up\">\n\t\t\t\t<img decoding=\"async\" src=\"https:\/\/graczakdesign.pl\/wp-content\/uploads\/2023\/11\/ChatGPT-Image-24-mar-2026-00_22_53.png\" alt=\"Framer vs WordPress: Co wybra\u0107 w 2026?\" \/>\n\t\t\t<\/div>\n\t\t\t\t\t\t\t\t\t<div class=\"mil-post-descr\">\n\t\t\t\t<div class=\"mil-description\">\n\t\t\t\t\t<div class=\"mil-labels mil-up mil-mb-30\">\n\t\t\t\t\t\t\t\t\t\t\t\t<span class=\"mil-label mil-upper mil-accent\">\n\t\t\t\t\t\t\tBez kategorii\t\t\t\t\t\t<\/span>\n\t\t\t\t\t\t\t\t\t\t\t\t\t\t\t\t\t\t\t<span class=\"mil-label mil-upper\">\n\t\t\t\t\t\t\t\t\t\t\t\t\t2023-11-01\t\t\t\t\t\t\t\t\t\t\t\t<\/span>\n\t\t\t\t\t\t\t\t\t\t\t<\/div>\n\t\t\t\t\t\t\t\t\t\t<h4 class=\"mil-up mil-mb-30\">\n\t\t\t\t\t\t\t\t\t\t\t\tFramer vs WordPress: Co wybra\u0107 w 2026?\t\t\t\t\t\t\t\t\t\t\t<\/h4>\n\t\t\t\t\t\t\t\t\t\t<div class=\"mil-post-text mil-up\">\n\t\t\t\t\t\t<p>Wyb\u00f3r mi\u0119dzy Framerem a WordPressem w 2026 roku przesta\u0142 by\u0107 prostym sporem o technologi\u0119, a sta\u0142 si\u0119 strategiczn\u0105 decyzj\u0105 biznesow\u0105&#8230; <span class=\"mil-el-more\"><span class=\"mil-link mil-dark mil-arrow-place mil-up\"><span>Read more<\/span><\/span><\/span><\/p>\n\t\t\t\t\t<\/div>\n\t\t\t\t<\/div>\n\t\t\t<\/div>\n\t\t\t\t<\/a>\n\t\t\t\t<!-- blog card end -->\n\t<\/div>\n<\/div>\n\n<div class=\"col-lg-12\">\n\t<div id=\"post-174\" class=\"post-174 post type-post status-publish format-standard has-post-thumbnail hentry category-bez-kategorii tag-seo\">\n\t\t<!-- blog card -->\n\t\t\t\t<a href=\"https:\/\/graczakdesign.pl\/index.php\/2023\/11\/01\/10-content-proofreading-tips-to-catch-more-avoidable-goofs\/\" class=\"mil-blog-card mil-blog-card-hori mil-more mil-mb-60\">\n\t\t\t\t\t\t\t\t\t\t\t<div class=\"mil-cover-frame mil-up\">\n\t\t\t\t<img decoding=\"async\" src=\"https:\/\/graczakdesign.pl\/wp-content\/uploads\/2023\/11\/blog-6.jpg\" alt=\"Strategia \u201eZero Przerw\u201d: Jak utrzyma\u0107 wydajno\u015b\u0107 i bezpiecze\u0144stwo strony w 2026 roku?\" \/>\n\t\t\t<\/div>\n\t\t\t\t\t\t\t\t\t<div class=\"mil-post-descr\">\n\t\t\t\t<div class=\"mil-description\">\n\t\t\t\t\t<div class=\"mil-labels mil-up mil-mb-30\">\n\t\t\t\t\t\t\t\t\t\t\t\t<span class=\"mil-label mil-upper mil-accent\">\n\t\t\t\t\t\t\tBez kategorii\t\t\t\t\t\t<\/span>\n\t\t\t\t\t\t\t\t\t\t\t\t\t\t\t\t\t\t\t<span class=\"mil-label mil-upper\">\n\t\t\t\t\t\t\t\t\t\t\t\t\t2023-11-01\t\t\t\t\t\t\t\t\t\t\t\t<\/span>\n\t\t\t\t\t\t\t\t\t\t\t<\/div>\n\t\t\t\t\t\t\t\t\t\t<h4 class=\"mil-up mil-mb-30\">\n\t\t\t\t\t\t\t\t\t\t\t\tStrategia \u201eZero Przerw\u201d: Jak utrzyma\u0107 wydajno\u015b\u0107 i bezpiecze\u0144stwo strony w 2026 roku?\t\t\t\t\t\t\t\t\t\t\t<\/h4>\n\t\t\t\t\t\t\t\t\t\t<div class=\"mil-post-text mil-up\">\n\t\t\t\t\t\t<p>W 2026 roku posiadanie strony internetowej to dopiero po\u0142owa sukcesu. Prawdziwym wyzwaniem jest jej maintenance (utrzymanie) w stanie permanentnej gotowo\u015bci&#8230; <span class=\"mil-el-more\"><span class=\"mil-link mil-dark mil-arrow-place mil-up\"><span>Read more<\/span><\/span><\/span><\/p>\n\t\t\t\t\t<\/div>\n\t\t\t\t<\/div>\n\t\t\t<\/div>\n\t\t\t\t<\/a>\n\t\t\t\t<!-- blog card end -->\n\t<\/div>\n<\/div>\n\t\t\t\t\t\t<div class=\"mil-pagination mil-p-90-0\">\n\t\t\t\t\t\t\t<\/div>\n\t\t\t\n\t\t\t\n\t\t\t\t\t\t\n\t\t<\/div>\n\n\t\t\t\t\t\t<\/div>\n\t\t\t\t<\/div>\n\t\t\t\t<\/div>\n\t\t\t\t\t<\/div>\n\t\t\t\t<\/section>\n\t\t<section class=\"elementor-element elementor-element-3523e60 e-flex e-con-boxed wpr-particle-no wpr-jarallax-no wpr-parallax-no wpr-sticky-section-no wpr-equal-height-no e-con e-parent\" data-id=\"3523e60\" data-element_type=\"container\" data-e-type=\"container\" data-settings=\"{&quot;background_background&quot;:&quot;classic&quot;,&quot;_ha_eqh_enable&quot;:false}\">\n\t\t\t\t\t<div class=\"e-con-inner\">\n\t\t<div class=\"elementor-element elementor-element-df2043c e-con-full e-flex wpr-particle-no wpr-jarallax-no wpr-parallax-no wpr-sticky-section-no wpr-equal-height-no e-con e-child\" data-id=\"df2043c\" data-element_type=\"container\" data-e-type=\"container\" data-settings=\"{&quot;_ha_eqh_enable&quot;:false}\">\n\t\t\t\t<div class=\"elementor-element elementor-element-bf31081 elementor-widget__width-initial exad-sticky-section-no exad-glass-effect-no elementor-widget elementor-widget-ashley-about-us\" data-id=\"bf31081\" data-element_type=\"widget\" data-e-type=\"widget\" data-widget_type=\"ashley-about-us.default\">\n\t\t\t\t<div class=\"elementor-widget-container\">\n\t\t\t\t\t\n\t\t\t\t<span class=\"mil-suptitle mil-suptitle-right mil-suptitle-dark mil-up mil-mb-30\">\n\t\t\t<span >\n\t\t\t\tLooking to make your mark? We'll help you turn <br> your project into a success story.\t\t\t<\/span>\n\t\t<\/span>\n\t\t\n\t\t\n\t\t\t\t\t\t<\/div>\n\t\t\t\t<\/div>\n\t\t\t\t<div class=\"elementor-element elementor-element-95e4c8b exad-sticky-section-no exad-glass-effect-no elementor-widget elementor-widget-ashley-about-us\" data-id=\"95e4c8b\" data-element_type=\"widget\" data-e-type=\"widget\" data-widget_type=\"ashley-about-us.default\">\n\t\t\t\t<div class=\"elementor-widget-container\">\n\t\t\t\t\t\n\t\t\n\t\t\t\t<h2 class=\"mil-h2 mil-title-el mil-up mil-mb-30\">\n\t\t\t<span >\n\t\t\t\tStay up-to-date <span class=\"mil-thin\">with the<\/span><br> latest news by <span class=\"mil-thin\">subscribing<\/span><br> to our <span class=\"mil-thin\">newsletter!<\/span>\t\t\t<\/span>\n\t\t<\/h2>\n\t\t\n\t\t\t\t\t\t<\/div>\n\t\t\t\t<\/div>\n\t\t\t\t<\/div>\n\t\t\t\t\t<\/div>\n\t\t\t\t<\/section>\n\t\t\t\t<\/div>\n\t\t","protected":false},"excerpt":{"rendered":"<p>Technology 2023-11-01 10 Content Proofreading Tips to Catch More Avoidable Goofs Are you passionate about design and interested in pursuing.. <span class=\"mil-el-more\"><span class=\"mil-link mil-dark mil-arrow-place mil-up\"><span>Read more<\/span><\/span><\/span><\/p>\n","protected":false},"author":1,"featured_media":0,"parent":0,"menu_order":0,"comment_status":"closed","ping_status":"closed","template":"template-layout-builder.php","meta":{"_acf_changed":false,"_eb_attr":"","inline_featured_image":false,"footnotes":""},"class_list":["post-218","page","type-page","status-publish","hentry"],"acf":[],"aioseo_notices":[],"jetpack_sharing_enabled":true,"_links":{"self":[{"href":"https:\/\/graczakdesign.pl\/index.php\/wp-json\/wp\/v2\/pages\/218","targetHints":{"allow":["GET"]}}],"collection":[{"href":"https:\/\/graczakdesign.pl\/index.php\/wp-json\/wp\/v2\/pages"}],"about":[{"href":"https:\/\/graczakdesign.pl\/index.php\/wp-json\/wp\/v2\/types\/page"}],"author":[{"embeddable":true,"href":"https:\/\/graczakdesign.pl\/index.php\/wp-json\/wp\/v2\/users\/1"}],"replies":[{"embeddable":true,"href":"https:\/\/graczakdesign.pl\/index.php\/wp-json\/wp\/v2\/comments?post=218"}],"version-history":[{"count":7,"href":"https:\/\/graczakdesign.pl\/index.php\/wp-json\/wp\/v2\/pages\/218\/revisions"}],"predecessor-version":[{"id":2196,"href":"https:\/\/graczakdesign.pl\/index.php\/wp-json\/wp\/v2\/pages\/218\/revisions\/2196"}],"wp:attachment":[{"href":"https:\/\/graczakdesign.pl\/index.php\/wp-json\/wp\/v2\/media?parent=218"}],"curies":[{"name":"wp","href":"https:\/\/api.w.org\/{rel}","templated":true}]}}